{"id":7,"date":"2025-03-22T12:28:04","date_gmt":"2025-03-22T12:28:04","guid":{"rendered":"https:\/\/boutique.eglise-shine.org\/?page_id=7"},"modified":"2025-05-03T19:23:19","modified_gmt":"2025-05-03T19:23:19","slug":"home-page","status":"publish","type":"page","link":"https:\/\/boutique.eglise-shine.org\/","title":{"rendered":"Home page"},"content":{"rendered":"\n<p class=\"has-vivid-cyan-blue-color has-text-color has-link-color wp-elements-f9b5e51c6bae5ee3d020a7a7a4e2c370\" style=\"font-size:20px\"><strong>\u00ab\u00a0Bienvenue sur notre site en construction !<\/strong>\u00ab\u00a0<\/p>\n\n\n\n<p style=\"font-size:14px\"> <em>Nous travaillons activement pour vous offrir une exp\u00e9rience exceptionnelle. Revenez bient\u00f4t pour d\u00e9couvrir toutes les nouveaut\u00e9s que nous pr\u00e9parons !\u00a0\u00bb<\/em><\/p>\n","protected":false},"excerpt":{"rendered":"<p>\u00ab\u00a0Bienvenue sur notre site en construction !\u00ab\u00a0 Nous travaillons activement pour vous offrir une exp\u00e9rience exceptionnelle. Revenez bient\u00f4t pour d\u00e9couvrir toutes les nouveaut\u00e9s que nous pr\u00e9parons !\u00a0\u00bb<\/p>\n","protected":false},"author":1,"featured_media":0,"parent":0,"menu_order":0,"comment_status":"closed","ping_status":"closed","template":"","meta":{"footnotes":""},"class_list":["post-7","page","type-page","status-publish","hentry","entry"],"yoast_head":"<!-- This site is optimized with the Yoast SEO plugin v24.5 - https:\/\/yoast.com\/wordpress\/plugins\/seo\/ -->\n<title>Home page - Boutique Shine<\/title>\n<meta name=\"robots\" content=\"noindex, follow, max-snippet:-1, max-image-preview:large, max-video-preview:-1\" \/>\n<meta property=\"og:locale\" content=\"fr_FR\" \/>\n<meta property=\"og:type\" content=\"article\" \/>\n<meta property=\"og:title\" content=\"Home page - Boutique Shine\" \/>\n<meta property=\"og:description\" content=\"\u00ab\u00a0Bienvenue sur notre site en construction !\u00ab\u00a0 Nous travaillons activement pour vous offrir une exp\u00e9rience exceptionnelle. Revenez bient\u00f4t pour d\u00e9couvrir toutes les nouveaut\u00e9s que nous pr\u00e9parons !\u00a0\u00bb\" \/>\n<meta property=\"og:url\" content=\"https:\/\/boutique.eglise-shine.org\/\" \/>\n<meta property=\"og:site_name\" content=\"Boutique Shine\" \/>\n<meta property=\"article:modified_time\" content=\"2025-05-03T19:23:19+00:00\" \/>\n<meta name=\"twitter:card\" content=\"summary_large_image\" \/>\n<meta name=\"twitter:label1\" content=\"Dur\u00e9e de lecture estim\u00e9e\" \/>\n\t<meta name=\"twitter:data1\" content=\"1 minute\" \/>\n<script type=\"application\/ld+json\" class=\"yoast-schema-graph\">{\"@context\":\"https:\/\/schema.org\",\"@graph\":[{\"@type\":\"WebPage\",\"@id\":\"https:\/\/boutique.eglise-shine.org\/\",\"url\":\"https:\/\/boutique.eglise-shine.org\/\",\"name\":\"Home page - Boutique Shine\",\"isPartOf\":{\"@id\":\"https:\/\/boutique.eglise-shine.org\/#website\"},\"datePublished\":\"2025-03-22T12:28:04+00:00\",\"dateModified\":\"2025-05-03T19:23:19+00:00\",\"breadcrumb\":{\"@id\":\"https:\/\/boutique.eglise-shine.org\/#breadcrumb\"},\"inLanguage\":\"fr-FR\",\"potentialAction\":[{\"@type\":\"ReadAction\",\"target\":[\"https:\/\/boutique.eglise-shine.org\/\"]}]},{\"@type\":\"BreadcrumbList\",\"@id\":\"https:\/\/boutique.eglise-shine.org\/#breadcrumb\",\"itemListElement\":[{\"@type\":\"ListItem\",\"position\":1,\"name\":\"Accueil\",\"item\":\"https:\/\/boutique.eglise-shine.org\/\"},{\"@type\":\"ListItem\",\"position\":2,\"name\":\"Home page\"}]},{\"@type\":\"WebSite\",\"@id\":\"https:\/\/boutique.eglise-shine.org\/#website\",\"url\":\"https:\/\/boutique.eglise-shine.org\/\",\"name\":\"Boutique Shine\",\"description\":\"\",\"potentialAction\":[{\"@type\":\"SearchAction\",\"target\":{\"@type\":\"EntryPoint\",\"urlTemplate\":\"https:\/\/boutique.eglise-shine.org\/?s={search_term_string}\"},\"query-input\":{\"@type\":\"PropertyValueSpecification\",\"valueRequired\":true,\"valueName\":\"search_term_string\"}}],\"inLanguage\":\"fr-FR\"}]}<\/script>\n<!-- \/ Yoast SEO plugin. -->","yoast_head_json":{"title":"Home page - Boutique Shine","robots":{"index":"noindex","follow":"follow","max-snippet":"max-snippet:-1","max-image-preview":"max-image-preview:large","max-video-preview":"max-video-preview:-1"},"og_locale":"fr_FR","og_type":"article","og_title":"Home page - Boutique Shine","og_description":"\u00ab\u00a0Bienvenue sur notre site en construction !\u00ab\u00a0 Nous travaillons activement pour vous offrir une exp\u00e9rience exceptionnelle. Revenez bient\u00f4t pour d\u00e9couvrir toutes les nouveaut\u00e9s que nous pr\u00e9parons !\u00a0\u00bb","og_url":"https:\/\/boutique.eglise-shine.org\/","og_site_name":"Boutique Shine","article_modified_time":"2025-05-03T19:23:19+00:00","twitter_card":"summary_large_image","twitter_misc":{"Dur\u00e9e de lecture estim\u00e9e":"1 minute"},"schema":{"@context":"https:\/\/schema.org","@graph":[{"@type":"WebPage","@id":"https:\/\/boutique.eglise-shine.org\/","url":"https:\/\/boutique.eglise-shine.org\/","name":"Home page - Boutique Shine","isPartOf":{"@id":"https:\/\/boutique.eglise-shine.org\/#website"},"datePublished":"2025-03-22T12:28:04+00:00","dateModified":"2025-05-03T19:23:19+00:00","breadcrumb":{"@id":"https:\/\/boutique.eglise-shine.org\/#breadcrumb"},"inLanguage":"fr-FR","potentialAction":[{"@type":"ReadAction","target":["https:\/\/boutique.eglise-shine.org\/"]}]},{"@type":"BreadcrumbList","@id":"https:\/\/boutique.eglise-shine.org\/#breadcrumb","itemListElement":[{"@type":"ListItem","position":1,"name":"Accueil","item":"https:\/\/boutique.eglise-shine.org\/"},{"@type":"ListItem","position":2,"name":"Home page"}]},{"@type":"WebSite","@id":"https:\/\/boutique.eglise-shine.org\/#website","url":"https:\/\/boutique.eglise-shine.org\/","name":"Boutique Shine","description":"","potentialAction":[{"@type":"SearchAction","target":{"@type":"EntryPoint","urlTemplate":"https:\/\/boutique.eglise-shine.org\/?s={search_term_string}"},"query-input":{"@type":"PropertyValueSpecification","valueRequired":true,"valueName":"search_term_string"}}],"inLanguage":"fr-FR"}]}},"_links":{"self":[{"href":"https:\/\/boutique.eglise-shine.org\/index.php\/wp-json\/wp\/v2\/pages\/7","targetHints":{"allow":["GET"]}}],"collection":[{"href":"https:\/\/boutique.eglise-shine.org\/index.php\/wp-json\/wp\/v2\/pages"}],"about":[{"href":"https:\/\/boutique.eglise-shine.org\/index.php\/wp-json\/wp\/v2\/types\/page"}],"author":[{"embeddable":true,"href":"https:\/\/boutique.eglise-shine.org\/index.php\/wp-json\/wp\/v2\/users\/1"}],"replies":[{"embeddable":true,"href":"https:\/\/boutique.eglise-shine.org\/index.php\/wp-json\/wp\/v2\/comments?post=7"}],"version-history":[{"count":2,"href":"https:\/\/boutique.eglise-shine.org\/index.php\/wp-json\/wp\/v2\/pages\/7\/revisions"}],"predecessor-version":[{"id":9,"href":"https:\/\/boutique.eglise-shine.org\/index.php\/wp-json\/wp\/v2\/pages\/7\/revisions\/9"}],"wp:attachment":[{"href":"https:\/\/boutique.eglise-shine.org\/index.php\/wp-json\/wp\/v2\/media?parent=7"}],"curies":[{"name":"wp","href":"https:\/\/api.w.org\/{rel}","templated":true}]}}